{"id":2293,"date":"2025-02-18T13:29:22","date_gmt":"2025-02-18T10:29:22","guid":{"rendered":"https:\/\/vassalam.org\/blog\/"},"modified":"2026-04-21T12:31:06","modified_gmt":"2026-04-21T09:31:06","slug":"blog","status":"publish","type":"page","link":"https:\/\/vassalam.org\/tr\/blog\/","title":{"rendered":"Blog"},"content":{"rendered":"<style>.kadence-column1297_a68498-79 > .kt-inside-inner-col,.kadence-column1297_a68498-79 > .kt-inside-inner-col:before{border-top-left-radius:0px;border-top-right-radius:0px;border-bottom-right-radius:0px;border-bottom-left-radius:0px;}.kadence-column1297_a68498-79 > .kt-inside-inner-col{column-gap:var(--global-kb-gap-sm, 1rem);}.kadence-column1297_a68498-79 > .kt-inside-inner-col{flex-direction:column;}.kadence-column1297_a68498-79 > .kt-inside-inner-col > .aligncenter{width:100%;}.kadence-column1297_a68498-79 > .kt-inside-inner-col:before{opacity:0.3;}.kadence-column1297_a68498-79{position:relative;}@media all and (max-width: 1024px){.kadence-column1297_a68498-79 > .kt-inside-inner-col{flex-direction:column;justify-content:center;}}@media all and (max-width: 767px){.kadence-column1297_a68498-79 > .kt-inside-inner-col{flex-direction:column;justify-content:center;}}<\/style>\n<div class=\"wp-block-kadence-column kadence-column1297_a68498-79\"><div class=\"kt-inside-inner-col\"><style>.kb-row-layout-id1297_c804f5-76 > .kt-row-column-wrap{align-content:start;}:where(.kb-row-layout-id1297_c804f5-76 > .kt-row-column-wrap) > .wp-block-kadence-column{justify-content:start;}.kb-row-layout-id1297_c804f5-76 > .kt-row-column-wrap{column-gap:var(--global-kb-gap-md, 2rem);row-gap:var(--global-kb-gap-md, 2rem);max-width:var( --global-content-width, 1290px );padding-left:var(--global-content-edge-padding);padding-right:var(--global-content-edge-padding);padding-top:var(--global-kb-spacing-sm, 1.5rem);padding-bottom:var(--global-kb-spacing-sm, 1.5rem);grid-template-columns:minmax(0, 1fr);}.kb-row-layout-id1297_c804f5-76 > .kt-row-layout-overlay{opacity:0.30;}@media all and (max-width: 1024px){.kb-row-layout-id1297_c804f5-76 > .kt-row-column-wrap{grid-template-columns:minmax(0, 1fr);}}@media all and (max-width: 767px){.kb-row-layout-id1297_c804f5-76 > .kt-row-column-wrap{grid-template-columns:minmax(0, 1fr);}}<\/style><div class=\"kb-row-layout-wrap kb-row-layout-id1297_c804f5-76 alignnone wp-block-kadence-rowlayout\"><div class=\"kt-row-column-wrap kt-has-1-columns kt-row-layout-equal kt-tab-layout-inherit kt-mobile-layout-row kt-row-valign-top kb-theme-content-width\">\n<style>.kadence-column1297_754d17-d9 > .kt-inside-inner-col,.kadence-column1297_754d17-d9 > .kt-inside-inner-col:before{border-top-left-radius:0px;border-top-right-radius:0px;border-bottom-right-radius:0px;border-bottom-left-radius:0px;}.kadence-column1297_754d17-d9 > .kt-inside-inner-col{column-gap:var(--global-kb-gap-sm, 1rem);}.kadence-column1297_754d17-d9 > .kt-inside-inner-col{flex-direction:column;}.kadence-column1297_754d17-d9 > .kt-inside-inner-col > .aligncenter{width:100%;}.kadence-column1297_754d17-d9 > .kt-inside-inner-col:before{opacity:0.3;}.kadence-column1297_754d17-d9{position:relative;}@media all and (max-width: 1024px){.kadence-column1297_754d17-d9 > .kt-inside-inner-col{flex-direction:column;justify-content:center;}}@media all and (max-width: 767px){.kadence-column1297_754d17-d9 > .kt-inside-inner-col{flex-direction:column;justify-content:center;}}<\/style>\n<div class=\"wp-block-kadence-column kadence-column1297_754d17-d9\"><div class=\"kt-inside-inner-col\"><style>.kt-post-loop1297_b7129f-7c .kadence-post-image{padding-top:8px;padding-right:8px;padding-bottom:8px;padding-left:8px;}.kt-post-loop1297_b7129f-7c .kt-post-grid-wrap{gap:30px 30px;}.kt-post-loop1297_b7129f-7c .kt-blocks-post-grid-item{border-top-left-radius:16px;border-top-right-radius:16px;border-bottom-right-radius:16px;border-bottom-left-radius:16px;border-top:1px solid #dedce4;border-right:1px solid #dedce4;border-bottom:1px solid #dedce4;border-left:1px solid #dedce4;background-color:#f4f3f6;overflow:hidden;}.kt-post-loop1297_b7129f-7c .kt-blocks-post-grid-item .kt-blocks-post-grid-item-inner{padding-top:0px;padding-right:0px;padding-bottom:0px;padding-left:0px;}.kt-post-loop1297_b7129f-7c .kt-blocks-post-grid-item header{padding-top:10px;padding-right:15px;padding-bottom:10px;padding-left:15px;margin-top:0px;margin-right:0px;margin-bottom:0px;margin-left:0px;}.kt-post-loop1297_b7129f-7c .kt-blocks-post-grid-item .kt-blocks-above-categories{font-size:13px;line-height:20px;text-transform:uppercase;}.kt-post-loop1297_b7129f-7c .kt-blocks-post-grid-item .entry-title{color:#0d0821;padding-top:5px;padding-right:0px;padding-bottom:0px;padding-left:0px;margin-top:0px;margin-right:0px;margin-bottom:0px;margin-left:0px;font-size:24px;line-height:30px;font-family:Quicksand;font-weight:700;font-style:normal;}.kt-post-loop1297_b7129f-7c .entry-content{color:#0d0821;padding-top:0px;padding-right:15px;padding-bottom:0px;padding-left:15px;margin-top:0px;margin-right:0px;margin-bottom:0px;margin-left:0px;font-size:16px;font-family:Quicksand;font-weight:500;font-style:normal;}.kt-post-loop1297_b7129f-7c .kt-blocks-post-footer{border-color:#dedce4;color:#0d0821;border-top-width:1px;border-right-width:0px;border-bottom-width:0px;border-left-width:0px;padding-top:12px;padding-right:28px;padding-bottom:15px;padding-left:20px;margin-top:20px;margin-right:0px;margin-bottom:0px;margin-left:0px;font-size:14px;font-family:Quicksand;font-weight:500;font-style:normal;text-transform:uppercase;}.kt-post-loop1297_b7129f-7c .entry-content:after{height:20px;}.kt-post-loop1297_b7129f-7c .kb-filter-item{border-top-width:0px;border-right-width:0px;border-bottom-width:2px;border-left-width:0px;padding-top:5px;padding-right:8px;padding-bottom:5px;padding-left:8px;margin-top:0px;margin-right:10px;margin-bottom:0px;margin-left:0px;}@media all and (max-width: 1024px){.kt-post-loop1297_b7129f-7c .kt-blocks-post-grid-item{border-top:1px solid #dedce4;border-right:1px solid #dedce4;border-bottom:1px solid #dedce4;border-left:1px solid #dedce4;}}@media all and (max-width: 767px){.kt-post-loop1297_b7129f-7c .kt-blocks-post-grid-item{border-top:1px solid #dedce4;border-right:1px solid #dedce4;border-bottom:1px solid #dedce4;border-left:1px solid #dedce4;}}<\/style><div class=\"wp-block-kadence-postgrid kt-blocks-post-loop-block alignnone kt-post-loop1297_b7129f-7c kt-post-grid-layout-grid  blog-page\"><div class=\"kt-post-grid-layout-grid-wrap kt-post-grid-wrap\" data-columns-xxl=\"3\" data-columns-xl=\"3\" data-columns-md=\"3\" data-columns-sm=\"2\" data-columns-xs=\"1\" data-columns-ss=\"1\"data-item-selector=\".kt-post-masonry-item\" aria-label=\"Post Carousel\"><article class=\"kt-blocks-post-grid-item post-5042 post type-post status-publish format-standard has-post-thumbnail hentry category-uncategorized\"><div class=\"kt-blocks-post-grid-item-inner-wrap kt-feat-image-align-top kt-feat-image-mobile-align-top kb-post-footer-bottom-align\"><div class=\"kadence-post-image\"><div class=\"kadence-post-image-intrisic kt-image-ratio-66-67\" style=\"padding-bottom:66.67%;\"><div class=\"kadence-post-image-inner-intrisic\"><a aria-hidden=\"true\" tabindex=\"-1\" role=\"presentation\" href=\"https:\/\/vassalam.org\/tr\/aid-with-heart-for-humanity-ahh-project-overview\/\" aria-label=\"Aid with Heart for Humanity (AHH) Project Overview\" class=\"kadence-post-image-inner-wrap\"><img loading=\"lazy\" decoding=\"async\" width=\"1024\" height=\"427\" src=\"https:\/\/vassalam.org\/wp-content\/uploads\/2025\/10\/Aid-with-Heart-for-Humanity-AHH-Project-Overview-1024x427-jpg.webp\" class=\"attachment-large size-large not-transparent wp-post-image\" alt=\"\" srcset=\"https:\/\/vassalam.org\/wp-content\/uploads\/2025\/10\/Aid-with-Heart-for-Humanity-AHH-Project-Overview-1024x427-jpg.webp 1024w, https:\/\/vassalam.org\/wp-content\/uploads\/2025\/10\/Aid-with-Heart-for-Humanity-AHH-Project-Overview-300x125-jpg.webp 300w, https:\/\/vassalam.org\/wp-content\/uploads\/2025\/10\/Aid-with-Heart-for-Humanity-AHH-Project-Overview-150x63-jpg.webp 150w, https:\/\/vassalam.org\/wp-content\/uploads\/2025\/10\/Aid-with-Heart-for-Humanity-AHH-Project-Overview-768x320-jpg.webp 768w, https:\/\/vassalam.org\/wp-content\/uploads\/2025\/10\/Aid-with-Heart-for-Humanity-AHH-Project-Overview-1536x640-jpg.webp 1536w, https:\/\/vassalam.org\/wp-content\/uploads\/2025\/10\/Aid-with-Heart-for-Humanity-AHH-Project-Overview-jpg.webp 1600w\" sizes=\"auto, (max-width: 1024px) 100vw, 1024px\" data-has-transparency=\"false\" data-dominant-color=\"6a319a\" style=\"--dominant-color: #6a319a;\" \/><\/a><\/div><\/div><\/div><div class=\"kt-blocks-post-grid-item-inner\"><header><h2 class=\"entry-title\"><a href=\"https:\/\/vassalam.org\/tr\/aid-with-heart-for-humanity-ahh-project-overview\/\">Aid with Heart for Humanity (AHH) Project Overview<\/a><\/h2><div class=\"kt-blocks-post-top-meta\"><\/div><\/header><div class=\"entry-content\">The&nbsp;Aid with Heart for Humanity (AHH)&nbsp;project is a humanitarian initiative designed to make a significant impact on disadvantaged communities in&#8230;<\/div><footer class=\"kt-blocks-post-footer\"><div class=\"kt-blocks-post-footer-left\"><div class=\"kt-blocks-date kt-blocks-post-footer-section\"><time dateTime=\"18 Ekim 2025\" class=\"kt-blocks-post-date\">18 Ekim 2025<\/time><\/div><\/div><div class=\"kt-blocks-post-footer-right\"><\/div><\/footer><\/div><\/div><\/article><article class=\"kt-blocks-post-grid-item post-4944 post type-post status-publish format-standard has-post-thumbnail hentry category-uncategorized\"><div class=\"kt-blocks-post-grid-item-inner-wrap kt-feat-image-align-top kt-feat-image-mobile-align-top kb-post-footer-bottom-align\"><div class=\"kadence-post-image\"><div class=\"kadence-post-image-intrisic kt-image-ratio-66-67\" style=\"padding-bottom:66.67%;\"><div class=\"kadence-post-image-inner-intrisic\"><a aria-hidden=\"true\" tabindex=\"-1\" role=\"presentation\" href=\"https:\/\/vassalam.org\/tr\/7-yilin-itirafi-buyuk-konusmayacaksin\/\" aria-label=\"Seven Years Later: \u201cB\u00fcy\u00fck Konu\u015fmayacaks\u0131n!\u201d \u2013 Assalam\u2019s Journey in Zanzibar\" class=\"kadence-post-image-inner-wrap\"><img loading=\"lazy\" decoding=\"async\" width=\"1024\" height=\"682\" src=\"https:\/\/vassalam.org\/wp-content\/uploads\/2025\/10\/1335121-80369610-1024x682-jpg.webp\" class=\"attachment-large size-large not-transparent wp-post-image\" alt=\"\" srcset=\"https:\/\/vassalam.org\/wp-content\/uploads\/2025\/10\/1335121-80369610-1024x682-jpg.webp 1024w, https:\/\/vassalam.org\/wp-content\/uploads\/2025\/10\/1335121-80369610-300x200-jpg.webp 300w, https:\/\/vassalam.org\/wp-content\/uploads\/2025\/10\/1335121-80369610-150x100-jpg.webp 150w, https:\/\/vassalam.org\/wp-content\/uploads\/2025\/10\/1335121-80369610-768x511-jpg.webp 768w, https:\/\/vassalam.org\/wp-content\/uploads\/2025\/10\/1335121-80369610-jpg.webp 1368w\" sizes=\"auto, (max-width: 1024px) 100vw, 1024px\" data-has-transparency=\"false\" data-dominant-color=\"556875\" style=\"--dominant-color: #556875;\" \/><\/a><\/div><\/div><\/div><div class=\"kt-blocks-post-grid-item-inner\"><header><h2 class=\"entry-title\"><a href=\"https:\/\/vassalam.org\/tr\/7-yilin-itirafi-buyuk-konusmayacaksin\/\">Seven Years Later: \u201cB\u00fcy\u00fck Konu\u015fmayacaks\u0131n!\u201d \u2013 Assalam\u2019s Journey in Zanzibar<\/a><\/h2><div class=\"kt-blocks-post-top-meta\"><\/div><\/header><div class=\"entry-content\">What began as a three-day visit to Zanzibar became a life-changing seven-year journey for Dr. Hatice \u00c7olak Ali. Recalling advice&#8230;<\/div><footer class=\"kt-blocks-post-footer\"><div class=\"kt-blocks-post-footer-left\"><div class=\"kt-blocks-date kt-blocks-post-footer-section\"><time dateTime=\"7 Ekim 2025\" class=\"kt-blocks-post-date\">7 Ekim 2025<\/time><\/div><\/div><div class=\"kt-blocks-post-footer-right\"><\/div><\/footer><\/div><\/div><\/article><article class=\"kt-blocks-post-grid-item post-4941 post type-post status-publish format-standard has-post-thumbnail hentry category-uncategorized\"><div class=\"kt-blocks-post-grid-item-inner-wrap kt-feat-image-align-top kt-feat-image-mobile-align-top kb-post-footer-bottom-align\"><div class=\"kadence-post-image\"><div class=\"kadence-post-image-intrisic kt-image-ratio-66-67\" style=\"padding-bottom:66.67%;\"><div class=\"kadence-post-image-inner-intrisic\"><a aria-hidden=\"true\" tabindex=\"-1\" role=\"presentation\" href=\"https:\/\/vassalam.org\/tr\/olunce-beni-kim-nasil-hatirlayacak\/\" aria-label=\"How Will We Be Remembered? A Legacy of Compassion at Assalam, Zanzibar\" class=\"kadence-post-image-inner-wrap\"><img loading=\"lazy\" decoding=\"async\" width=\"1024\" height=\"682\" src=\"https:\/\/vassalam.org\/wp-content\/uploads\/2025\/10\/1336072-269035006-1024x682-jpg.webp\" class=\"attachment-large size-large not-transparent wp-post-image\" alt=\"\" srcset=\"https:\/\/vassalam.org\/wp-content\/uploads\/2025\/10\/1336072-269035006-1024x682-jpg.webp 1024w, https:\/\/vassalam.org\/wp-content\/uploads\/2025\/10\/1336072-269035006-300x200-jpg.webp 300w, https:\/\/vassalam.org\/wp-content\/uploads\/2025\/10\/1336072-269035006-150x100-jpg.webp 150w, https:\/\/vassalam.org\/wp-content\/uploads\/2025\/10\/1336072-269035006-768x511-jpg.webp 768w, https:\/\/vassalam.org\/wp-content\/uploads\/2025\/10\/1336072-269035006.jpg 1368w\" sizes=\"auto, (max-width: 1024px) 100vw, 1024px\" data-has-transparency=\"false\" data-dominant-color=\"91a39f\" style=\"--dominant-color: #91a39f;\" \/><\/a><\/div><\/div><\/div><div class=\"kt-blocks-post-grid-item-inner\"><header><h2 class=\"entry-title\"><a href=\"https:\/\/vassalam.org\/tr\/olunce-beni-kim-nasil-hatirlayacak\/\">How Will We Be Remembered? A Legacy of Compassion at Assalam, Zanzibar<\/a><\/h2><div class=\"kt-blocks-post-top-meta\"><\/div><\/header><div class=\"entry-content\">&#8220;\u00d6l\u00fcnce beni kim, nas\u0131l hat\u0131rlayacak?&#8221;\u201cWhen I die, who will remember me\u2014and how?\u201d This timeless question has been asked for centuries,&#8230;<\/div><footer class=\"kt-blocks-post-footer\"><div class=\"kt-blocks-post-footer-left\"><div class=\"kt-blocks-date kt-blocks-post-footer-section\"><time dateTime=\"7 Ekim 2025\" class=\"kt-blocks-post-date\">7 Ekim 2025<\/time><\/div><\/div><div class=\"kt-blocks-post-footer-right\"><\/div><\/footer><\/div><\/div><\/article><article class=\"kt-blocks-post-grid-item post-4937 post type-post status-publish format-standard has-post-thumbnail hentry category-uncategorized\"><div class=\"kt-blocks-post-grid-item-inner-wrap kt-feat-image-align-top kt-feat-image-mobile-align-top kb-post-footer-bottom-align\"><div class=\"kadence-post-image\"><div class=\"kadence-post-image-intrisic kt-image-ratio-66-67\" style=\"padding-bottom:66.67%;\"><div class=\"kadence-post-image-inner-intrisic\"><a aria-hidden=\"true\" tabindex=\"-1\" role=\"presentation\" href=\"https:\/\/vassalam.org\/tr\/muhafazakar-hippi-bir-vakfin-anatomisi\/\" aria-label=\"The Heart of Assalam: Why We Are &#8220;Conservative Hippies&#8221;\" class=\"kadence-post-image-inner-wrap\"><img loading=\"lazy\" decoding=\"async\" width=\"645\" height=\"484\" src=\"https:\/\/vassalam.org\/wp-content\/uploads\/2025\/10\/1339086-579547259-jpg.webp\" class=\"attachment-large size-large not-transparent wp-post-image\" alt=\"\" srcset=\"https:\/\/vassalam.org\/wp-content\/uploads\/2025\/10\/1339086-579547259-jpg.webp 645w, https:\/\/vassalam.org\/wp-content\/uploads\/2025\/10\/1339086-579547259-300x225-jpg.webp 300w, https:\/\/vassalam.org\/wp-content\/uploads\/2025\/10\/1339086-579547259-150x113-jpg.webp 150w\" sizes=\"auto, (max-width: 645px) 100vw, 645px\" data-has-transparency=\"false\" data-dominant-color=\"694328\" style=\"--dominant-color: #694328;\" \/><\/a><\/div><\/div><\/div><div class=\"kt-blocks-post-grid-item-inner\"><header><h2 class=\"entry-title\"><a href=\"https:\/\/vassalam.org\/tr\/muhafazakar-hippi-bir-vakfin-anatomisi\/\">The Heart of Assalam: Why We Are &#8220;Conservative Hippies&#8221;<\/a><\/h2><div class=\"kt-blocks-post-top-meta\"><\/div><\/header><div class=\"entry-content\">When you look at the Assalam Community Foundation (ACF), what do you see? Do you see a sustainable ecovillage in&#8230;<\/div><footer class=\"kt-blocks-post-footer\"><div class=\"kt-blocks-post-footer-left\"><div class=\"kt-blocks-date kt-blocks-post-footer-section\"><time dateTime=\"7 Ekim 2025\" class=\"kt-blocks-post-date\">7 Ekim 2025<\/time><\/div><\/div><div class=\"kt-blocks-post-footer-right\"><\/div><\/footer><\/div><\/div><\/article><article class=\"kt-blocks-post-grid-item post-3696 post type-post status-publish format-standard has-post-thumbnail hentry category-genel\"><div class=\"kt-blocks-post-grid-item-inner-wrap kt-feat-image-align-top kt-feat-image-mobile-align-top kb-post-footer-bottom-align\"><div class=\"kadence-post-image\"><div class=\"kadence-post-image-intrisic kt-image-ratio-66-67\" style=\"padding-bottom:66.67%;\"><div class=\"kadence-post-image-inner-intrisic\"><a aria-hidden=\"true\" tabindex=\"-1\" role=\"presentation\" href=\"https:\/\/vassalam.org\/tr\/ifade-dolu-bir-sessizlik-olarak-iyiligin-sibumi-hali-2\/\" aria-label=\"\u0130fade dolu bir sessizlik olarak iyili\u011fin \u015eibumi hali\" class=\"kadence-post-image-inner-wrap\"><img loading=\"lazy\" decoding=\"async\" width=\"1024\" height=\"576\" src=\"https:\/\/vassalam.org\/wp-content\/uploads\/2022\/12\/ifade-dolu-bir-sessizlik-708_2-1024x576.webp\" class=\"attachment-large size-large not-transparent wp-post-image\" alt=\"\" srcset=\"https:\/\/vassalam.org\/wp-content\/uploads\/2022\/12\/ifade-dolu-bir-sessizlik-708_2-1024x576.webp 1024w, https:\/\/vassalam.org\/wp-content\/uploads\/2022\/12\/ifade-dolu-bir-sessizlik-708_2-300x169.webp 300w, https:\/\/vassalam.org\/wp-content\/uploads\/2022\/12\/ifade-dolu-bir-sessizlik-708_2-150x84.webp 150w, https:\/\/vassalam.org\/wp-content\/uploads\/2022\/12\/ifade-dolu-bir-sessizlik-708_2-768x432.webp 768w, https:\/\/vassalam.org\/wp-content\/uploads\/2022\/12\/ifade-dolu-bir-sessizlik-708_2.webp 1200w\" sizes=\"auto, (max-width: 1024px) 100vw, 1024px\" data-has-transparency=\"false\" data-dominant-color=\"a6ac74\" style=\"--dominant-color: #a6ac74;\" \/><\/a><\/div><\/div><\/div><div class=\"kt-blocks-post-grid-item-inner\"><header><h2 class=\"entry-title\"><a href=\"https:\/\/vassalam.org\/tr\/ifade-dolu-bir-sessizlik-olarak-iyiligin-sibumi-hali-2\/\">\u0130fade dolu bir sessizlik olarak iyili\u011fin \u015eibumi hali<\/a><\/h2><div class=\"kt-blocks-post-top-meta\"><\/div><\/header><div class=\"entry-content\">\u015eibumi demek, bilgiden \u00e7ok anlay\u0131\u015f demek. \u0130fade dolu bir sessizlik demek. Kendini kan\u0131tlama gere\u011fi duymayan bir al\u00e7ak g\u00f6n\u00fcll\u00fck demek\u2026 B\u00fcy\u00fck&#8230;<\/div><footer class=\"kt-blocks-post-footer\"><div class=\"kt-blocks-post-footer-left\"><div class=\"kt-blocks-date kt-blocks-post-footer-section\"><time dateTime=\"26 Aral\u0131k 2022\" class=\"kt-blocks-post-date\">26 Aral\u0131k 2022<\/time><\/div><\/div><div class=\"kt-blocks-post-footer-right\"><\/div><\/footer><\/div><\/div><\/article><article class=\"kt-blocks-post-grid-item post-3692 post type-post status-publish format-standard has-post-thumbnail hentry category-genel\"><div class=\"kt-blocks-post-grid-item-inner-wrap kt-feat-image-align-top kt-feat-image-mobile-align-top kb-post-footer-bottom-align\"><div class=\"kadence-post-image\"><div class=\"kadence-post-image-intrisic kt-image-ratio-66-67\" style=\"padding-bottom:66.67%;\"><div class=\"kadence-post-image-inner-intrisic\"><a aria-hidden=\"true\" tabindex=\"-1\" role=\"presentation\" href=\"https:\/\/vassalam.org\/tr\/oyle-buyuk-hayaller-kurun-ki-gerceklestirmek-icin-tum-gucununuzu-verin-2\/\" aria-label=\"\u00d6yle b\u00fcy\u00fck hayaller kurun ki, ger\u00e7ekle\u015ftirmek i\u00e7in t\u00fcm g\u00fcc\u00fcn\u00fcn\u00fcz\u00fc verin!\" class=\"kadence-post-image-inner-wrap\"><img loading=\"lazy\" decoding=\"async\" width=\"1024\" height=\"576\" src=\"https:\/\/vassalam.org\/wp-content\/uploads\/2022\/12\/oyle-buyuk-hayaller-kurun-358_2-1024x576.webp\" class=\"attachment-large size-large not-transparent wp-post-image\" alt=\"\" srcset=\"https:\/\/vassalam.org\/wp-content\/uploads\/2022\/12\/oyle-buyuk-hayaller-kurun-358_2-1024x576.webp 1024w, https:\/\/vassalam.org\/wp-content\/uploads\/2022\/12\/oyle-buyuk-hayaller-kurun-358_2-300x169.webp 300w, https:\/\/vassalam.org\/wp-content\/uploads\/2022\/12\/oyle-buyuk-hayaller-kurun-358_2-150x84.webp 150w, https:\/\/vassalam.org\/wp-content\/uploads\/2022\/12\/oyle-buyuk-hayaller-kurun-358_2-768x432.webp 768w, https:\/\/vassalam.org\/wp-content\/uploads\/2022\/12\/oyle-buyuk-hayaller-kurun-358_2.webp 1200w\" sizes=\"auto, (max-width: 1024px) 100vw, 1024px\" data-has-transparency=\"false\" data-dominant-color=\"908573\" style=\"--dominant-color: #908573;\" \/><\/a><\/div><\/div><\/div><div class=\"kt-blocks-post-grid-item-inner\"><header><h2 class=\"entry-title\"><a href=\"https:\/\/vassalam.org\/tr\/oyle-buyuk-hayaller-kurun-ki-gerceklestirmek-icin-tum-gucununuzu-verin-2\/\">\u00d6yle b\u00fcy\u00fck hayaller kurun ki, ger\u00e7ekle\u015ftirmek i\u00e7in t\u00fcm g\u00fcc\u00fcn\u00fcn\u00fcz\u00fc verin!<\/a><\/h2><div class=\"kt-blocks-post-top-meta\"><\/div><\/header><div class=\"entry-content\">Devletlerden \u00e7ok daha fazla etki b\u0131rakan sosyal giri\u015fimci kahramanlar, sizin, bizim gibi insanlar. Bir k\u0131sm\u0131 yoksul, bir k\u0131sm\u0131 zengin. Bir&#8230;<\/div><footer class=\"kt-blocks-post-footer\"><div class=\"kt-blocks-post-footer-left\"><div class=\"kt-blocks-date kt-blocks-post-footer-section\"><time dateTime=\"26 Aral\u0131k 2022\" class=\"kt-blocks-post-date\">26 Aral\u0131k 2022<\/time><\/div><\/div><div class=\"kt-blocks-post-footer-right\"><\/div><\/footer><\/div><\/div><\/article><\/div><div class=\"kt-blocks-page-nav\">\n\t<nav class=\"navigation pagination\" aria-label=\"Yaz\u0131 sayfaland\u0131rmas\u0131\">\n\t\t<h2 class=\"screen-reader-text\">Yaz\u0131 sayfaland\u0131rmas\u0131<\/h2>\n\t\t<div class=\"nav-links\"><span aria-current=\"page\" class=\"page-numbers current\">1<\/span>\n<a class=\"page-numbers\" href=\"https:\/\/vassalam.org\/tr\/wp-json\/wp\/v2\/pages\/2293\/page\/2\/\">2<\/a>\n<a class=\"page-numbers\" href=\"https:\/\/vassalam.org\/tr\/wp-json\/wp\/v2\/pages\/2293\/page\/3\/\">3<\/a>\n<a class=\"next page-numbers\" href=\"https:\/\/vassalam.org\/tr\/wp-json\/wp\/v2\/pages\/2293\/page\/2\/\"><span class=\"screen-reader-text\">Next Page<\/span><svg style=\"display:inline-block;vertical-align:middle\" aria-hidden=\"true\" class=\"kt-blocks-pagination-right-svg\" viewBox=\"0 0 320 512\" height=\"14\" width=\"8\" fill=\"currentColor\" xmlns=\"http:\/\/www.w3.org\/2000\/svg\"><path d=\"M285.476 272.971L91.132 467.314c-9.373 9.373-24.569 9.373-33.941 0l-22.667-22.667c-9.357-9.357-9.375-24.522-.04-33.901L188.505 256 34.484 101.255c-9.335-9.379-9.317-24.544.04-33.901l22.667-22.667c9.373-9.373 24.569-9.373 33.941 0L285.475 239.03c9.373 9.372 9.373 24.568.001 33.941z\"><\/path><\/svg><\/a><\/div>\n\t<\/nav><\/div><\/div><!-- .wp-block-kadence-postgrid --><\/div><\/div>\n\n<\/div><\/div><\/div><\/div>\n","protected":false},"excerpt":{"rendered":"","protected":false},"author":1,"featured_media":1797,"parent":0,"menu_order":0,"comment_status":"closed","ping_status":"closed","template":"","meta":{"_acf_changed":false,"_seopress_robots_primary_cat":"","_seopress_titles_title":"","_seopress_titles_desc":"","_seopress_robots_index":"","_kad_blocks_custom_css":"","_kad_blocks_head_custom_js":"","_kad_blocks_body_custom_js":"","_kad_blocks_footer_custom_js":"","_kad_post_transparent":"","_kad_post_title":"","_kad_post_layout":"","_kad_post_sidebar_id":"","_kad_post_content_style":"","_kad_post_vertical_padding":"","_kad_post_feature":"","_kad_post_feature_position":"","_kad_post_header":false,"_kad_post_footer":false,"_kad_post_classname":"","footnotes":""},"class_list":["post-2293","page","type-page","status-publish","has-post-thumbnail","hentry"],"acf":[],"taxonomy_info":[],"featured_image_src_large":["https:\/\/vassalam.org\/wp-content\/uploads\/2025\/02\/blog-1-1-1024x337.png",1024,337,true],"author_info":{"display_name":"Mohamed From BW","author_link":"https:\/\/vassalam.org\/tr\/author\/support\/"},"comment_info":0,"_links":{"self":[{"href":"https:\/\/vassalam.org\/tr\/wp-json\/wp\/v2\/pages\/2293","targetHints":{"allow":["GET"]}}],"collection":[{"href":"https:\/\/vassalam.org\/tr\/wp-json\/wp\/v2\/pages"}],"about":[{"href":"https:\/\/vassalam.org\/tr\/wp-json\/wp\/v2\/types\/page"}],"author":[{"embeddable":true,"href":"https:\/\/vassalam.org\/tr\/wp-json\/wp\/v2\/users\/1"}],"replies":[{"embeddable":true,"href":"https:\/\/vassalam.org\/tr\/wp-json\/wp\/v2\/comments?post=2293"}],"version-history":[{"count":2,"href":"https:\/\/vassalam.org\/tr\/wp-json\/wp\/v2\/pages\/2293\/revisions"}],"predecessor-version":[{"id":4885,"href":"https:\/\/vassalam.org\/tr\/wp-json\/wp\/v2\/pages\/2293\/revisions\/4885"}],"wp:featuredmedia":[{"embeddable":true,"href":"https:\/\/vassalam.org\/tr\/wp-json\/wp\/v2\/media\/1797"}],"wp:attachment":[{"href":"https:\/\/vassalam.org\/tr\/wp-json\/wp\/v2\/media?parent=2293"}],"curies":[{"name":"wp","href":"https:\/\/api.w.org\/{rel}","templated":true}]}}